{"id":3,"date":"2009-04-23T22:50:48","date_gmt":"2009-04-23T21:50:48","guid":{"rendered":"http:\/\/127.0.0.1\/wordpress-2.7.1\/wordpress\/?page_id=3"},"modified":"2022-10-27T16:49:54","modified_gmt":"2022-10-27T14:49:54","slug":"trainer","status":"publish","type":"page","link":"https:\/\/wingchunfreiburg.de\/?page_id=3","title":{"rendered":"Trainer"},"content":{"rendered":"<div><img loading=\"lazy\" decoding=\"async\" class=\" wp-image-317 alignleft\" src=\"https:\/\/wingchunfreiburg.de\/wp-content\/uploads\/2009\/04\/g_niklas.jpg\" alt=\"g_niklas\" width=\"316\" height=\"395\" srcset=\"https:\/\/wingchunfreiburg.de\/wp-content\/uploads\/2009\/04\/g_niklas.jpg 271w, https:\/\/wingchunfreiburg.de\/wp-content\/uploads\/2009\/04\/g_niklas-240x300.jpg 240w\" sizes=\"auto, (max-width: 316px) 100vw, 316px\" \/><\/div>\n<div>\n<p><strong>Si-Fu Gerhard Niclas<\/strong><\/p>\n<ul>\n<li>Seit 1982 Shotokan-Karate und Shaolin KungFu.<\/li>\n<li>Seit 1986 Wing Chun bei D. Wagner und Sifu W.Blech.<\/li>\n<li>1993 Trainingsaufenthalt in Hongkong bei Meister Lok Yiu.<\/li>\n<li>1996 Instructor II \u2013 Pr\u00fcfung im Lok Yiu Wing Chun.<\/li>\n<li>2004 Instructor III \u2013 Pr\u00fcfung im Lok Yiu Wing Chun.<\/li>\n<li>Seither regelm\u00e4\u00dfige Fortbildung bei Sifu W.Blech bis zu dessen Tod 2012\n<ul>\n<li style=\"list-style-type: none;\">\n<ul>\n<li style=\"list-style-type: none;\">\n<ul>\n<li style=\"list-style-type: none;\">\n<ul>\n<li style=\"list-style-type: none;\">\n<ul>\n<li style=\"list-style-type: none;\">\n<ul>\n<li style=\"list-style-type: none;\">\n<ul>\n<li style=\"list-style-type: none;\">\n<ul>\n<li style=\"list-style-type: none;\">\n<ul>\n<li style=\"list-style-type: none;\">\n<ul>\n<li style=\"list-style-type: none;\">\n<ul>\n<li>Januar 2013&nbsp; regelm\u00e4\u00dfige Trainingsaufenthalt in Hongkong bei Lok Keng Kong und Kok Keng Sang, den S\u00f6hnen Meister Lok Yius<\/li>\n<\/ul>\n<\/li>\n<\/ul>\n<\/li>\n<\/ul>\n<\/li>\n<\/ul>\n<\/li>\n<\/ul>\n<\/li>\n<\/ul>\n<\/li>\n<\/ul>\n<\/li>\n<\/ul>\n<\/li>\n<\/ul>\n<\/li>\n<\/ul>\n<\/li>\n<\/ul>\n<\/li>\n<\/ul>\n<\/div>\n<p>&nbsp;<\/p>\n<h3>&nbsp;<\/h3>\n<p>&nbsp;<\/p>\n<div><img loading=\"lazy\" decoding=\"async\" class=\"wp-image-318 alignleft\" src=\"https:\/\/wingchunfreiburg.de\/wp-content\/uploads\/2009\/04\/trainingwingchun23-300x225.jpg\" alt=\"trainingwingchun23\" width=\"404\" height=\"303\" srcset=\"https:\/\/wingchunfreiburg.de\/wp-content\/uploads\/2009\/04\/trainingwingchun23-300x225.jpg 300w, https:\/\/wingchunfreiburg.de\/wp-content\/uploads\/2009\/04\/trainingwingchun23-1024x768.jpg 1024w, https:\/\/wingchunfreiburg.de\/wp-content\/uploads\/2009\/04\/trainingwingchun23-624x468.jpg 624w, https:\/\/wingchunfreiburg.de\/wp-content\/uploads\/2009\/04\/trainingwingchun23.jpg 1280w\" sizes=\"auto, (max-width: 404px) 100vw, 404px\" \/><\/div>\n<div>\n<p><strong>Harri Goldbeck<\/strong><\/p>\n<ul>\n<li>1986-1990 Shotokan Karate<\/li>\n<li>Seit 2002 Lok Yiu Wing Chun<\/li>\n<li>2004 Instructor I \u2013 Pr\u00fcfung im Lok Yiu Wing Chun.<\/li>\n<li>Seither Weiterbildung zum Instructor II bei Gerhard Niclas<\/li>\n<li>Seminare in Tai Chi, Tang Lang, Close Quarter<\/li>\n<li>2013 Instructor II &#8211; Pr\u00fcfung im Lok Yiu Wing Chun<\/li>\n<\/ul>\n<\/div>\n","protected":false},"excerpt":{"rendered":"<p>Si-Fu Gerhard Niclas Seit 1982 Shotokan-Karate und Shaolin KungFu. Seit 1986 Wing Chun bei D. Wagner und Sifu W.Blech. 1993 Trainingsaufenthalt in Hongkong bei Meister Lok Yiu. 1996 Instructor II \u2013 Pr\u00fcfung im Lok Yiu Wing Chun. 2004 Instructor III \u2013 Pr\u00fcfung im Lok Yiu Wing Chun. Seither regelm\u00e4\u00dfige Fortbildung bei Sifu W.Blech bis zu [&hellip;]<\/p>\n","protected":false},"author":1,"featured_media":0,"parent":72,"menu_order":0,"comment_status":"closed","ping_status":"closed","template":"","meta":{"ngg_post_thumbnail":0,"footnotes":""},"class_list":["post-3","page","type-page","status-publish","hentry"],"_links":{"self":[{"href":"https:\/\/wingchunfreiburg.de\/index.php?rest_route=\/wp\/v2\/pages\/3","targetHints":{"allow":["GET"]}}],"collection":[{"href":"https:\/\/wingchunfreiburg.de\/index.php?rest_route=\/wp\/v2\/pages"}],"about":[{"href":"https:\/\/wingchunfreiburg.de\/index.php?rest_route=\/wp\/v2\/types\/page"}],"author":[{"embeddable":true,"href":"https:\/\/wingchunfreiburg.de\/index.php?rest_route=\/wp\/v2\/users\/1"}],"replies":[{"embeddable":true,"href":"https:\/\/wingchunfreiburg.de\/index.php?rest_route=%2Fwp%2Fv2%2Fcomments&post=3"}],"version-history":[{"count":36,"href":"https:\/\/wingchunfreiburg.de\/index.php?rest_route=\/wp\/v2\/pages\/3\/revisions"}],"predecessor-version":[{"id":476,"href":"https:\/\/wingchunfreiburg.de\/index.php?rest_route=\/wp\/v2\/pages\/3\/revisions\/476"}],"up":[{"embeddable":true,"href":"https:\/\/wingchunfreiburg.de\/index.php?rest_route=\/wp\/v2\/pages\/72"}],"wp:attachment":[{"href":"https:\/\/wingchunfreiburg.de\/index.php?rest_route=%2Fwp%2Fv2%2Fmedia&parent=3"}],"curies":[{"name":"wp","href":"https:\/\/api.w.org\/{rel}","templated":true}]}}