{"id":62,"date":"2009-08-20T21:22:18","date_gmt":"2009-08-20T20:22:18","guid":{"rendered":"http:\/\/127.0.0.1\/wordpress-2.7.1\/wordpress\/?page_id=62"},"modified":"2022-10-27T16:53:32","modified_gmt":"2022-10-27T14:53:32","slug":"dachverband","status":"publish","type":"page","link":"https:\/\/wingchunfreiburg.de\/?page_id=62","title":{"rendered":"Dachverband"},"content":{"rendered":"<p>Im Jahre 1992 gr\u00fcndete Sifu W. Blech die European LokYiu Wing Chun International Martial Art Association (\u201eELYWCIMAA\u201c), den europ\u00e4ischen Dachverband f\u00fcr authentisches Wing Chun Kung Fu.<\/p>\n<p>Sifu Blech ist der einzige europ\u00e4ische Sch\u00fcler Meister Lok Yius (1922 &#8211; 2006).<\/p>\n<p>Die LokYiu Wing Chun Schule Freiburg ist Mitglied in der ELYWCIMAA seit deren Gr\u00fcndung.<\/p>\n<p>Mehr \u00fcber den Dachverband, Meister Lok Yiu und seine S\u00f6hne sowie \u00fcber Sifu W. Blech erfahren Sie unter <a href=\"http:\/\/www.lokyiu.com\" target=\"_blank\" rel=\"noopener noreferrer\" data-saferedirecturl=\"https:\/\/www.google.com\/url?q=http:\/\/www.lokyiu.com&amp;source=gmail&amp;ust=1666883745261000&amp;usg=AOvVaw13oT0hFXpppLDQvhM3A4N4\">www.lokyiu.com<\/a>.<\/p>\n<p>Nach dem Tod von <span class=\"il\">Sifu<\/span> Blech im Jahr 2012 gru\u00fcndeten seine Sch\u00fcler als<br \/>\nNachfolgeorganisation die &#8222;European Loy Yiu International Martial Art<br \/>\nAssociation e.V<\/p>\n<p>&nbsp;<\/p>\n","protected":false},"excerpt":{"rendered":"<p>Im Jahre 1992 gr\u00fcndete Sifu W. Blech die European LokYiu Wing Chun International Martial Art Association (\u201eELYWCIMAA\u201c), den europ\u00e4ischen Dachverband f\u00fcr authentisches Wing Chun Kung Fu. Sifu Blech ist der einzige europ\u00e4ische Sch\u00fcler Meister Lok Yius (1922 &#8211; 2006). Die LokYiu Wing Chun Schule Freiburg ist Mitglied in der ELYWCIMAA seit deren Gr\u00fcndung. Mehr \u00fcber [&hellip;]<\/p>\n","protected":false},"author":1,"featured_media":0,"parent":7,"menu_order":0,"comment_status":"closed","ping_status":"closed","template":"","meta":{"ngg_post_thumbnail":0,"footnotes":""},"class_list":["post-62","page","type-page","status-publish","hentry"],"_links":{"self":[{"href":"https:\/\/wingchunfreiburg.de\/index.php?rest_route=\/wp\/v2\/pages\/62","targetHints":{"allow":["GET"]}}],"collection":[{"href":"https:\/\/wingchunfreiburg.de\/index.php?rest_route=\/wp\/v2\/pages"}],"about":[{"href":"https:\/\/wingchunfreiburg.de\/index.php?rest_route=\/wp\/v2\/types\/page"}],"author":[{"embeddable":true,"href":"https:\/\/wingchunfreiburg.de\/index.php?rest_route=\/wp\/v2\/users\/1"}],"replies":[{"embeddable":true,"href":"https:\/\/wingchunfreiburg.de\/index.php?rest_route=%2Fwp%2Fv2%2Fcomments&post=62"}],"version-history":[{"count":15,"href":"https:\/\/wingchunfreiburg.de\/index.php?rest_route=\/wp\/v2\/pages\/62\/revisions"}],"predecessor-version":[{"id":477,"href":"https:\/\/wingchunfreiburg.de\/index.php?rest_route=\/wp\/v2\/pages\/62\/revisions\/477"}],"up":[{"embeddable":true,"href":"https:\/\/wingchunfreiburg.de\/index.php?rest_route=\/wp\/v2\/pages\/7"}],"wp:attachment":[{"href":"https:\/\/wingchunfreiburg.de\/index.php?rest_route=%2Fwp%2Fv2%2Fmedia&parent=62"}],"curies":[{"name":"wp","href":"https:\/\/api.w.org\/{rel}","templated":true}]}}