{"id":7,"date":"2009-04-23T22:51:53","date_gmt":"2009-04-23T21:51:53","guid":{"rendered":"http:\/\/127.0.0.1\/wordpress-2.7.1\/wordpress\/?page_id=7"},"modified":"2017-03-31T14:37:53","modified_gmt":"2017-03-31T13:37:53","slug":"wing-chun","status":"publish","type":"page","link":"https:\/\/wingchunfreiburg.de\/","title":{"rendered":"Wing Chun"},"content":{"rendered":"<p>Lok Yiu Wing Chun ist eine traditionelle chinesische Kampfkunst. Diese intelligente Selbstverteidigung besticht durch ihre Klarheit und Effizienz. Im Mittelpunkt des Trainings steht dabei das Ausnutzen der gegenerischen Kraft. Gef\u00f6rdert werden K\u00f6rperbewu\u00dftsein, Koordinations- und Konzentrationsf\u00e4higkeit.<\/p>\n<p>Lange Zeit galt Wing Chun als geheime Kampfkunst. Erst seit 1950 wurde es von Gro\u00dfmeister Yip Man (1893 \u2013 1972) in Hongkong \u00f6ffentlich unterrichtet. Meister Lok Yiu ist sein \u00e4ltester Sch\u00fcler.<\/p>\n<p>In unseren Trainingsr\u00e4umen in Freiburg im Breisgau wird Wing Chun seit 1986 unterrichtet.<br \/>\nWing Chun geh\u00f6rt zur gro\u00dfen Familie der aus China stammenden Kung Fu Stile.<br \/>\nWing Chun ist auf das wesentliche reduziert. Statt einer Vielzahl von Formen (&#8222;Katas&#8220;) gibt es nur sechs, davon zwei Waffenformen (Langstock und Doppelmesser). Statt einer Vielzahl von Techniken gibt es nur eine Handvoll an Bewegungen. Auf hohe Kicks, wie sie z.B. im Taekwondo \u00fcblich sind, wird verzichtet.<br \/>\nWing Chun baut nicht auf Techniken und einge\u00fcbten Abfolgen von Techniken auf, sondern auf &#8222;Prinzipien&#8220;. Ein Prinzip lautet beispielsweise, da\u00df die H\u00e4nde von dort aus starten, wo sie sich gerade befinden. Somit gibt es keinerlei Ausholbewegungen, der Weg wird auf das Minimum verk\u00fcrzt, auf jede \u00fcberfl\u00fcssige Bewegung wird verzichtet. Diese Prizipien befolgend, werden die wenigen &#8222;Techniken&#8220; mannigfaltig kombiniert. Das bedeutet eine gro\u00dfe Flexibilit\u00e4t und Freiheit in der Anwendung. Auf jede Situation hat Wing Chun deshalb nicht nur eine bestimmte Antwort, sondern jede vom Anwender gew\u00fcnschte. Man spricht deshalb auch von Wing Chun als einem &#8222;System&#8220; und nicht von einem &#8222;Stil&#8220;.<\/p>\n<p>Wing Chun setzt darauf, die gegnerische Kraft auszunutzen. Spezielle Partner\u00fcbungen (z.B.&#8220;Chi Sau&#8220;) zur Ausbildung eines Gef\u00fchls f\u00fcr die Bewegungen und die Kraft des Gegeners sowie der Umgang mit dieser Kraft stehen im Mittelpunkt des Trainings.<br \/>\nUm den K\u00f6rper in die Lage zu versetzen, die in der Funktionsweise einfachen, aber nicht immer ganz leicht auszuf\u00fchrenden Bewegungen aus\u00fcben zu k\u00f6nnen, ist eine intensive Grundschulung erforderlich. Diese folgt den Regeln chinesischer Didaktik: Lok Yiu Wing Chun hat nicht nur ein logisch aufgebautes Unterrichtssystem, es ist im Grunde das Unterrichtssystem.<br \/>\nDas Ergebnis ist eine ungeheuer einfache und verbl\u00fcffend direkte Kampfkunst, die es dem \u00dcbenden erlaubt, sein pers\u00f6nliches Potential zu entdecken und bis ins hohe Alter auszusch\u00f6pfen. Gr\u00f6\u00dferes Selbstvertrauen, Ausgeglichenheit, eine wachsame Haltung sowie eine verbesserte Konzentrations- und Kordinationsf\u00e4higkeit sind gleichsam die Nebenprodukte einer regelm\u00e4\u00dfigen Besch\u00e4ftigung mit Wing Chun.<\/p>\n","protected":false},"excerpt":{"rendered":"<p>Lok Yiu Wing Chun ist eine traditionelle chinesische Kampfkunst. Diese intelligente Selbstverteidigung besticht durch ihre Klarheit und Effizienz. Im Mittelpunkt des Trainings steht dabei das Ausnutzen der gegenerischen Kraft. Gef\u00f6rdert werden K\u00f6rperbewu\u00dftsein, Koordinations- und Konzentrationsf\u00e4higkeit. Lange Zeit galt Wing Chun als geheime Kampfkunst. Erst seit 1950 wurde es von Gro\u00dfmeister Yip Man (1893 \u2013 1972) [&hellip;]<\/p>\n","protected":false},"author":1,"featured_media":0,"parent":0,"menu_order":0,"comment_status":"closed","ping_status":"closed","template":"","meta":{"ngg_post_thumbnail":0,"footnotes":""},"class_list":["post-7","page","type-page","status-publish","hentry"],"_links":{"self":[{"href":"https:\/\/wingchunfreiburg.de\/index.php?rest_route=\/wp\/v2\/pages\/7","targetHints":{"allow":["GET"]}}],"collection":[{"href":"https:\/\/wingchunfreiburg.de\/index.php?rest_route=\/wp\/v2\/pages"}],"about":[{"href":"https:\/\/wingchunfreiburg.de\/index.php?rest_route=\/wp\/v2\/types\/page"}],"author":[{"embeddable":true,"href":"https:\/\/wingchunfreiburg.de\/index.php?rest_route=\/wp\/v2\/users\/1"}],"replies":[{"embeddable":true,"href":"https:\/\/wingchunfreiburg.de\/index.php?rest_route=%2Fwp%2Fv2%2Fcomments&post=7"}],"version-history":[{"count":16,"href":"https:\/\/wingchunfreiburg.de\/index.php?rest_route=\/wp\/v2\/pages\/7\/revisions"}],"predecessor-version":[{"id":481,"href":"https:\/\/wingchunfreiburg.de\/index.php?rest_route=\/wp\/v2\/pages\/7\/revisions\/481"}],"wp:attachment":[{"href":"https:\/\/wingchunfreiburg.de\/index.php?rest_route=%2Fwp%2Fv2%2Fmedia&parent=7"}],"curies":[{"name":"wp","href":"https:\/\/api.w.org\/{rel}","templated":true}]}}